{"id":2700,"date":"2019-12-10T14:46:12","date_gmt":"2019-12-10T14:46:12","guid":{"rendered":"https:\/\/tamara-landau.net\/la-nascita-impossibile-o-il-bambino-enclave-fobie-nevrosi-dangoscia-e-sentimento-di-esistere\/la-nascita-impossibile-introduzione\/"},"modified":"2019-12-10T14:46:13","modified_gmt":"2019-12-10T14:46:13","slug":"la-nascita-impossibile-introduzione","status":"publish","type":"page","link":"https:\/\/tamara-landau.net\/it\/la-nascita-impossibile-o-il-bambino-enclave-fobie-nevrosi-dangoscia-e-sentimento-di-esistere\/la-nascita-impossibile-introduzione\/","title":{"rendered":"La nascita impossibile. Introduzione"},"content":{"rendered":"<p>[et_pb_section fb_built=&#8221;1&#8243; fullwidth=&#8221;on&#8221; _builder_version=&#8221;3.26.4&#8243; background_color=&#8221;#fcfaf6&#8243;][et_pb_fullwidth_header title=&#8221;Tamara Landau&#8221; subhead=&#8221;LA NASCITA IMPOSSIBILE o il bambino &quot;enclav\u00e9&quot; fobie, nevrosi d&#8217;angoscia e sentimento di esistere&#8221; _builder_version=&#8221;3.26.4&#8243; title_font=&#8221;||||||||&#8221; title_text_color=&#8221;#00cccc&#8221; title_font_size=&#8221;25px&#8221; subhead_font=&#8221;||||||||&#8221; subhead_text_color=&#8221;#0068d8&#8243; subhead_font_size=&#8221;22px&#8221; background_color=&#8221;#fbfaf5&#8243; border_color_all=&#8221;#ffffff&#8221; border_color_bottom=&#8221;#00cccc&#8221; border_style_bottom=&#8221;dotted&#8221; background_layout=&#8221;light&#8221; custom_padding=&#8221;25px||6px|||&#8221; global_module=&#8221;1041&#8243; saved_tabs=&#8221;all&#8221;][\/et_pb_fullwidth_header][\/et_pb_section][et_pb_section fb_built=&#8221;1&#8243; fullwidth=&#8221;on&#8221; _builder_version=&#8221;3.26.4&#8243; locked=&#8221;off&#8221;][et_pb_fullwidth_menu menu_id=&#8221;35&#8243; _builder_version=&#8221;3.26.4&#8243; menu_font=&#8221;|600||on|||||&#8221; saved_tabs=&#8221;all&#8221; global_module=&#8221;1500&#8243;][\/et_pb_fullwidth_menu][\/et_pb_section][et_pb_section fb_built=&#8221;1&#8243; _builder_version=&#8221;3.26.4&#8243;][et_pb_row column_structure=&#8221;1_3,2_3&#8243; _builder_version=&#8221;3.26.4&#8243;][et_pb_column type=&#8221;1_3&#8243; _builder_version=&#8221;3.26.4&#8243;][et_pb_sidebar orientation=&#8221;right&#8221; area=&#8221;et_pb_widget_area_6&#8243; show_border=&#8221;off&#8221; _builder_version=&#8221;3.26.4&#8243; global_module=&#8221;1054&#8243;][\/et_pb_sidebar][\/et_pb_column][et_pb_column type=&#8221;2_3&#8243; _builder_version=&#8221;3.26.4&#8243;][et_pb_text _builder_version=&#8221;3.26.4&#8243;]<\/p>\n<h2><strong>Introduzione<\/strong><\/h2>\n<p>All&#8217;origine di questa opera ci sono: le difficolt\u00e0 incontrate nella mia pratica analitica, un&#8217;esperienza clinica con dei bulimici, e il lavoro con una coreografa.<\/p>\n<p>Dovevo trovare delle risposte per risolvere un problema dopo anni di frequenti impasse terapeutiche segnate da interruzione o da una troppo lunga durata della cura con i pazienti malati di nevrosi gravi.<\/p>\n<p>Queste risposte sono emerse quando la cura di pazienti bulimici mi ha fatto avvicinare a certe e modalit\u00e0 molto intense di transfert e di pulsioni di distruzione che evidenziavano la permanenza di un legame fusionale e di angosce legate a dei vissuti fisici arcaici in rapporto con la sopravvivenza.<\/p>\n<p>Da quel momento la ricerca \u00e8 iniziata e non ha cessato di arricchirsi di elementi clinici e di nuove esperienze. Il lavoro con una coreografa interessata a ricerche sull&#8217;assenza di gravit\u00e0 e quello con delle scultrici, mi hanno aiutato a chiarire i fantasmi inconsci operanti durante la vita fetale e mi hanno condotto a elaborare, un poco alla volta, una problematica arcaica sottostante a tutte le forme patologiche studiate dalla psicanalisi freudiana : psicosi, nevrosi e perversioni.<\/p>\n<p>Infatti la difficolt\u00e0 dei pazienti nevrotici di sentirsi realmente esistere senza passare da un legame fusionale, mi ha fatto cogliere un fantasma e un concetto di cui quest&#8217;opera propone l&#8217;elaborazione e l&#8217;esame. Questa impressione di non esser mai stati visti dai genitori lasciava capire che i pazienti erano rimasti paralizzati in un loro spazio psichico e corporeo inconscio. Ossessionati dal fantasma di essere sepolti, di essere scampati ad un omicidio, vivevano come dei sopravvissuti colpevoli e invisibili, fuori dal tempo e dalla storia, in preda ad un fantasma di autogenerazione.<\/p>\n<p>Ora, questo fantasma inconscio, che suppone una negazione delle proprie origini e un&#8217;inversione dell&#8217;immagine e della percezione del proprio corpo, percepibili nei diversi lapsus, s\u00ec manifesta spesso sotto forma di albero capovolto, che alcuni pazienti hanno disegnato spontaneamente durante la cura.<\/p>\n<p>Il soggetto stesso occupa il posto di un tronco d&#8217;albero generazionale che al tempo stesso \u00e8 il suo corpo, quello di sua madre e quello di sua nonna. I rami &#8221; in piena luce&#8221; della nonna diventano le radici del soggetto stesso, che, sprofondato sottoterra &#8221; nelle tenebre&#8221; alimenta la linfa e il sentimento reale di esistere della propria madre.<\/p>\n<p>Il soggetto stesso occupa il posto di un tronco d&#8217;albero generazionale che al tempo stesso \u00e8 il suo corpo, quello di sua madre e quello di sua nonna. I rami &#8221; in piena luce&#8221; della nonna diventano le radici del soggetto stesso, che, sprofondato sottoterra &#8221; nelle tenebre&#8221; alimenta la linfa e il sentimento reale di esistere della propria madre.<\/p>\n<p>Da ci\u00f2 ne deriva un&#8217;ipotesi che non \u00e8 mai stata avanzata nella letteratura analitica, compresi gli autori pi\u00f9 attenti alle relazioni madre-figlio e all&#8217;incidenza delle origini nella genesi delle malattie mentali: in tutte le patologie, a seguito di una fissazione dell&#8217;albero rovesciato, il soggetto sente inconsciamente il proprio corpo come se &#8221; appartenesse&#8221; ancora a sua madre e a sua nonna.[\/et_pb_text][\/et_pb_column][\/et_pb_row][\/et_pb_section]<\/p>\n","protected":false},"excerpt":{"rendered":"<p>[et_pb_section fb_built=&#8221;1&#8243; fullwidth=&#8221;on&#8221; _builder_version=&#8221;3.26.4&#8243; background_color=&#8221;#fcfaf6&#8243;][et_pb_fullwidth_header title=&#8221;Tamara Landau&#8221; subhead=&#8221;LA NASCITA IMPOSSIBILE o il bambino &quot;enclav\u00e9&quot; fobie, nevrosi d&#8217;angoscia e sentimento di esistere&#8221; _builder_version=&#8221;3.26.4&#8243; title_font=&#8221;||||||||&#8221; title_text_color=&#8221;#00cccc&#8221; title_font_size=&#8221;25px&#8221; subhead_font=&#8221;||||||||&#8221; subhead_text_color=&#8221;#0068d8&#8243; subhead_font_size=&#8221;22px&#8221; background_color=&#8221;#fbfaf5&#8243; border_color_all=&#8221;#ffffff&#8221; border_color_bottom=&#8221;#00cccc&#8221; border_style_bottom=&#8221;dotted&#8221; background_layout=&#8221;light&#8221; custom_padding=&#8221;25px||6px|||&#8221; global_module=&#8221;1041&#8243; saved_tabs=&#8221;all&#8221;][\/et_pb_fullwidth_header][\/et_pb_section][et_pb_section fb_built=&#8221;1&#8243; fullwidth=&#8221;on&#8221; _builder_version=&#8221;3.26.4&#8243; locked=&#8221;off&#8221;][et_pb_fullwidth_menu menu_id=&#8221;35&#8243; _builder_version=&#8221;3.26.4&#8243; menu_font=&#8221;|600||on|||||&#8221; saved_tabs=&#8221;all&#8221; global_module=&#8221;1500&#8243;][\/et_pb_fullwidth_menu][\/et_pb_section][et_pb_section fb_built=&#8221;1&#8243; _builder_version=&#8221;3.26.4&#8243;][et_pb_row column_structure=&#8221;1_3,2_3&#8243; _builder_version=&#8221;3.26.4&#8243;][et_pb_column type=&#8221;1_3&#8243; _builder_version=&#8221;3.26.4&#8243;][et_pb_sidebar orientation=&#8221;right&#8221; area=&#8221;et_pb_widget_area_6&#8243; show_border=&#8221;off&#8221; _builder_version=&#8221;3.26.4&#8243; [&hellip;]<\/p>\n","protected":false},"author":1,"featured_media":0,"parent":2667,"menu_order":0,"comment_status":"closed","ping_status":"closed","template":"","meta":{"_et_pb_use_builder":"on","_et_pb_old_content":"","_et_gb_content_width":""},"yoast_head":"<!-- This site is optimized with the Yoast SEO plugin v20.3 - https:\/\/yoast.com\/wordpress\/plugins\/seo\/ -->\n<title>La nascita impossibile. Introduzione | Tamara Landau<\/title>\n<meta name=\"robots\" content=\"index, follow, max-snippet:-1, max-image-preview:large, max-video-preview:-1\" \/>\n<link rel=\"canonical\" href=\"https:\/\/tamara-landau.net\/it\/la-nascita-impossibile-o-il-bambino-enclave-fobie-nevrosi-dangoscia-e-sentimento-di-esistere\/la-nascita-impossibile-introduzione\/\" \/>\n<meta property=\"og:locale\" content=\"it_IT\" \/>\n<meta property=\"og:type\" content=\"article\" \/>\n<meta property=\"og:title\" content=\"La nascita impossibile. Introduzione | Tamara Landau\" \/>\n<meta property=\"og:description\" content=\"[et_pb_section fb_built=&#8221;1&#8243; fullwidth=&#8221;on&#8221; _builder_version=&#8221;3.26.4&#8243; background_color=&#8221;#fcfaf6&#8243;][et_pb_fullwidth_header title=&#8221;Tamara Landau&#8221; subhead=&#8221;LA NASCITA IMPOSSIBILE o il bambino &quot;enclav\u00e9&quot; fobie, nevrosi d&#8217;angoscia e sentimento di esistere&#8221; _builder_version=&#8221;3.26.4&#8243; title_font=&#8221;||||||||&#8221; title_text_color=&#8221;#00cccc&#8221; title_font_size=&#8221;25px&#8221; subhead_font=&#8221;||||||||&#8221; subhead_text_color=&#8221;#0068d8&#8243; subhead_font_size=&#8221;22px&#8221; background_color=&#8221;#fbfaf5&#8243; border_color_all=&#8221;#ffffff&#8221; border_color_bottom=&#8221;#00cccc&#8221; border_style_bottom=&#8221;dotted&#8221; background_layout=&#8221;light&#8221; custom_padding=&#8221;25px||6px|||&#8221; global_module=&#8221;1041&#8243; saved_tabs=&#8221;all&#8221;][\/et_pb_fullwidth_header][\/et_pb_section][et_pb_section fb_built=&#8221;1&#8243; fullwidth=&#8221;on&#8221; _builder_version=&#8221;3.26.4&#8243; locked=&#8221;off&#8221;][et_pb_fullwidth_menu menu_id=&#8221;35&#8243; _builder_version=&#8221;3.26.4&#8243; menu_font=&#8221;|600||on|||||&#8221; saved_tabs=&#8221;all&#8221; global_module=&#8221;1500&#8243;][\/et_pb_fullwidth_menu][\/et_pb_section][et_pb_section fb_built=&#8221;1&#8243; _builder_version=&#8221;3.26.4&#8243;][et_pb_row column_structure=&#8221;1_3,2_3&#8243; _builder_version=&#8221;3.26.4&#8243;][et_pb_column type=&#8221;1_3&#8243; _builder_version=&#8221;3.26.4&#8243;][et_pb_sidebar orientation=&#8221;right&#8221; area=&#8221;et_pb_widget_area_6&#8243; show_border=&#8221;off&#8221; _builder_version=&#8221;3.26.4&#8243; [&hellip;]\" \/>\n<meta property=\"og:url\" content=\"https:\/\/tamara-landau.net\/it\/la-nascita-impossibile-o-il-bambino-enclave-fobie-nevrosi-dangoscia-e-sentimento-di-esistere\/la-nascita-impossibile-introduzione\/\" \/>\n<meta property=\"og:site_name\" content=\"Tamara Landau\" \/>\n<meta property=\"article:modified_time\" content=\"2019-12-10T14:46:13+00:00\" \/>\n<meta name=\"twitter:card\" content=\"summary_large_image\" \/>\n<meta name=\"twitter:label1\" content=\"Tempo di lettura stimato\" \/>\n\t<meta name=\"twitter:data1\" content=\"3 minuti\" \/>\n<script type=\"application\/ld+json\" class=\"yoast-schema-graph\">{\"@context\":\"https:\/\/schema.org\",\"@graph\":[{\"@type\":\"WebPage\",\"@id\":\"https:\/\/tamara-landau.net\/it\/la-nascita-impossibile-o-il-bambino-enclave-fobie-nevrosi-dangoscia-e-sentimento-di-esistere\/la-nascita-impossibile-introduzione\/\",\"url\":\"https:\/\/tamara-landau.net\/it\/la-nascita-impossibile-o-il-bambino-enclave-fobie-nevrosi-dangoscia-e-sentimento-di-esistere\/la-nascita-impossibile-introduzione\/\",\"name\":\"La nascita impossibile. Introduzione | Tamara Landau\",\"isPartOf\":{\"@id\":\"https:\/\/tamara-landau.net\/#website\"},\"datePublished\":\"2019-12-10T14:46:12+00:00\",\"dateModified\":\"2019-12-10T14:46:13+00:00\",\"breadcrumb\":{\"@id\":\"https:\/\/tamara-landau.net\/it\/la-nascita-impossibile-o-il-bambino-enclave-fobie-nevrosi-dangoscia-e-sentimento-di-esistere\/la-nascita-impossibile-introduzione\/#breadcrumb\"},\"inLanguage\":\"it-IT\",\"potentialAction\":[{\"@type\":\"ReadAction\",\"target\":[\"https:\/\/tamara-landau.net\/it\/la-nascita-impossibile-o-il-bambino-enclave-fobie-nevrosi-dangoscia-e-sentimento-di-esistere\/la-nascita-impossibile-introduzione\/\"]}]},{\"@type\":\"BreadcrumbList\",\"@id\":\"https:\/\/tamara-landau.net\/it\/la-nascita-impossibile-o-il-bambino-enclave-fobie-nevrosi-dangoscia-e-sentimento-di-esistere\/la-nascita-impossibile-introduzione\/#breadcrumb\",\"itemListElement\":[{\"@type\":\"ListItem\",\"position\":1,\"name\":\"Accueil\",\"item\":\"https:\/\/tamara-landau.net\/it\/tamara-landau-psicanalista-e-scultrice\/\"},{\"@type\":\"ListItem\",\"position\":2,\"name\":\"La nascita impossibile o il bambino \u00ab\u00a0enclav\u00e9\u00a0\u00bb fobie, nevrosi d&rsquo;angoscia e sentimento di esistere\",\"item\":\"https:\/\/tamara-landau.net\/it\/la-nascita-impossibile-o-il-bambino-enclave-fobie-nevrosi-dangoscia-e-sentimento-di-esistere\/\"},{\"@type\":\"ListItem\",\"position\":3,\"name\":\"La nascita impossibile. Introduzione\"}]},{\"@type\":\"WebSite\",\"@id\":\"https:\/\/tamara-landau.net\/#website\",\"url\":\"https:\/\/tamara-landau.net\/\",\"name\":\"Tamara Landau\",\"description\":\"psychanalyste et sculptrice\",\"potentialAction\":[{\"@type\":\"SearchAction\",\"target\":{\"@type\":\"EntryPoint\",\"urlTemplate\":\"https:\/\/tamara-landau.net\/?s={search_term_string}\"},\"query-input\":\"required name=search_term_string\"}],\"inLanguage\":\"it-IT\"}]}<\/script>\n<!-- \/ Yoast SEO plugin. -->","yoast_head_json":{"title":"La nascita impossibile. Introduzione | Tamara Landau","robots":{"index":"index","follow":"follow","max-snippet":"max-snippet:-1","max-image-preview":"max-image-preview:large","max-video-preview":"max-video-preview:-1"},"canonical":"https:\/\/tamara-landau.net\/it\/la-nascita-impossibile-o-il-bambino-enclave-fobie-nevrosi-dangoscia-e-sentimento-di-esistere\/la-nascita-impossibile-introduzione\/","og_locale":"it_IT","og_type":"article","og_title":"La nascita impossibile. Introduzione | Tamara Landau","og_description":"[et_pb_section fb_built=&#8221;1&#8243; fullwidth=&#8221;on&#8221; _builder_version=&#8221;3.26.4&#8243; background_color=&#8221;#fcfaf6&#8243;][et_pb_fullwidth_header title=&#8221;Tamara Landau&#8221; subhead=&#8221;LA NASCITA IMPOSSIBILE o il bambino &quot;enclav\u00e9&quot; fobie, nevrosi d&#8217;angoscia e sentimento di esistere&#8221; _builder_version=&#8221;3.26.4&#8243; title_font=&#8221;||||||||&#8221; title_text_color=&#8221;#00cccc&#8221; title_font_size=&#8221;25px&#8221; subhead_font=&#8221;||||||||&#8221; subhead_text_color=&#8221;#0068d8&#8243; subhead_font_size=&#8221;22px&#8221; background_color=&#8221;#fbfaf5&#8243; border_color_all=&#8221;#ffffff&#8221; border_color_bottom=&#8221;#00cccc&#8221; border_style_bottom=&#8221;dotted&#8221; background_layout=&#8221;light&#8221; custom_padding=&#8221;25px||6px|||&#8221; global_module=&#8221;1041&#8243; saved_tabs=&#8221;all&#8221;][\/et_pb_fullwidth_header][\/et_pb_section][et_pb_section fb_built=&#8221;1&#8243; fullwidth=&#8221;on&#8221; _builder_version=&#8221;3.26.4&#8243; locked=&#8221;off&#8221;][et_pb_fullwidth_menu menu_id=&#8221;35&#8243; _builder_version=&#8221;3.26.4&#8243; menu_font=&#8221;|600||on|||||&#8221; saved_tabs=&#8221;all&#8221; global_module=&#8221;1500&#8243;][\/et_pb_fullwidth_menu][\/et_pb_section][et_pb_section fb_built=&#8221;1&#8243; _builder_version=&#8221;3.26.4&#8243;][et_pb_row column_structure=&#8221;1_3,2_3&#8243; _builder_version=&#8221;3.26.4&#8243;][et_pb_column type=&#8221;1_3&#8243; _builder_version=&#8221;3.26.4&#8243;][et_pb_sidebar orientation=&#8221;right&#8221; area=&#8221;et_pb_widget_area_6&#8243; show_border=&#8221;off&#8221; _builder_version=&#8221;3.26.4&#8243; [&hellip;]","og_url":"https:\/\/tamara-landau.net\/it\/la-nascita-impossibile-o-il-bambino-enclave-fobie-nevrosi-dangoscia-e-sentimento-di-esistere\/la-nascita-impossibile-introduzione\/","og_site_name":"Tamara Landau","article_modified_time":"2019-12-10T14:46:13+00:00","twitter_card":"summary_large_image","twitter_misc":{"Tempo di lettura stimato":"3 minuti"},"schema":{"@context":"https:\/\/schema.org","@graph":[{"@type":"WebPage","@id":"https:\/\/tamara-landau.net\/it\/la-nascita-impossibile-o-il-bambino-enclave-fobie-nevrosi-dangoscia-e-sentimento-di-esistere\/la-nascita-impossibile-introduzione\/","url":"https:\/\/tamara-landau.net\/it\/la-nascita-impossibile-o-il-bambino-enclave-fobie-nevrosi-dangoscia-e-sentimento-di-esistere\/la-nascita-impossibile-introduzione\/","name":"La nascita impossibile. Introduzione | Tamara Landau","isPartOf":{"@id":"https:\/\/tamara-landau.net\/#website"},"datePublished":"2019-12-10T14:46:12+00:00","dateModified":"2019-12-10T14:46:13+00:00","breadcrumb":{"@id":"https:\/\/tamara-landau.net\/it\/la-nascita-impossibile-o-il-bambino-enclave-fobie-nevrosi-dangoscia-e-sentimento-di-esistere\/la-nascita-impossibile-introduzione\/#breadcrumb"},"inLanguage":"it-IT","potentialAction":[{"@type":"ReadAction","target":["https:\/\/tamara-landau.net\/it\/la-nascita-impossibile-o-il-bambino-enclave-fobie-nevrosi-dangoscia-e-sentimento-di-esistere\/la-nascita-impossibile-introduzione\/"]}]},{"@type":"BreadcrumbList","@id":"https:\/\/tamara-landau.net\/it\/la-nascita-impossibile-o-il-bambino-enclave-fobie-nevrosi-dangoscia-e-sentimento-di-esistere\/la-nascita-impossibile-introduzione\/#breadcrumb","itemListElement":[{"@type":"ListItem","position":1,"name":"Accueil","item":"https:\/\/tamara-landau.net\/it\/tamara-landau-psicanalista-e-scultrice\/"},{"@type":"ListItem","position":2,"name":"La nascita impossibile o il bambino \u00ab\u00a0enclav\u00e9\u00a0\u00bb fobie, nevrosi d&rsquo;angoscia e sentimento di esistere","item":"https:\/\/tamara-landau.net\/it\/la-nascita-impossibile-o-il-bambino-enclave-fobie-nevrosi-dangoscia-e-sentimento-di-esistere\/"},{"@type":"ListItem","position":3,"name":"La nascita impossibile. Introduzione"}]},{"@type":"WebSite","@id":"https:\/\/tamara-landau.net\/#website","url":"https:\/\/tamara-landau.net\/","name":"Tamara Landau","description":"psychanalyste et sculptrice","potentialAction":[{"@type":"SearchAction","target":{"@type":"EntryPoint","urlTemplate":"https:\/\/tamara-landau.net\/?s={search_term_string}"},"query-input":"required name=search_term_string"}],"inLanguage":"it-IT"}]}},"_links":{"self":[{"href":"https:\/\/tamara-landau.net\/it\/wp-json\/wp\/v2\/pages\/2700"}],"collection":[{"href":"https:\/\/tamara-landau.net\/it\/wp-json\/wp\/v2\/pages"}],"about":[{"href":"https:\/\/tamara-landau.net\/it\/wp-json\/wp\/v2\/types\/page"}],"author":[{"embeddable":true,"href":"https:\/\/tamara-landau.net\/it\/wp-json\/wp\/v2\/users\/1"}],"replies":[{"embeddable":true,"href":"https:\/\/tamara-landau.net\/it\/wp-json\/wp\/v2\/comments?post=2700"}],"version-history":[{"count":1,"href":"https:\/\/tamara-landau.net\/it\/wp-json\/wp\/v2\/pages\/2700\/revisions"}],"predecessor-version":[{"id":2701,"href":"https:\/\/tamara-landau.net\/it\/wp-json\/wp\/v2\/pages\/2700\/revisions\/2701"}],"up":[{"embeddable":true,"href":"https:\/\/tamara-landau.net\/it\/wp-json\/wp\/v2\/pages\/2667"}],"wp:attachment":[{"href":"https:\/\/tamara-landau.net\/it\/wp-json\/wp\/v2\/media?parent=2700"}],"curies":[{"name":"wp","href":"https:\/\/api.w.org\/{rel}","templated":true}]}}